{"id":77,"date":"2011-09-02T16:26:16","date_gmt":"2011-09-02T16:26:16","guid":{"rendered":"http:\/\/improteatris.lv\/?page_id=77"},"modified":"2016-04-26T22:27:51","modified_gmt":"2016-04-26T19:27:51","slug":"teatri","status":"publish","type":"page","link":"https:\/\/improteatris.lv\/?page_id=77","title":{"rendered":"Te\u0101tri"},"content":{"rendered":"<p style=\"text-align: center;\"><strong>IMPROTEATRIS.LV eksperimenti<\/strong><\/p>\n<p style=\"text-align: justify;\"><span style=\"color: #008000;\"><strong>PILN\u012aGI SLEPENI<\/strong><\/span> &#8211; sadarb\u012bbas platforma, uz kuras pamata vienas izr\u0101des ietvaros ikreiz vienojas da\u017e\u0101du Latvijas improviz\u0101cijas te\u0101tru p\u0101rst\u0101vji; izr\u0101des pamat\u0101 notiek klub\u0101 &#8220;A Nice Place&#8221; (R\u012bg\u0101, Citadeles iel\u0101 2).<br \/>\n<a href=\"http:\/\/www.slepenie.lv\/ideja\/\" target=\"_blank\">www.slepenie.lv\/ideja\/<\/a><\/p>\n<p style=\"text-align: justify;\"><span style=\"color: #008000;\"><strong>asto\u0146padsmit PLUS<\/strong><\/span> &#8211; improviz\u0101cijas humor\u0161ovs, kura dal\u012bbnieki nebaid\u0101s no &#8220;nepieradin\u0101t\u0101m&#8221; humora form\u0101m; izr\u0101des pamat\u0101 notiek kult\u016bras b\u0101r\u0101 &#8220;Sap\u0146i un koktei\u013ci&#8221; (R\u012bg\u0101, Blauma\u0146a iel\u0101 32).<br \/>\n<a href=\"http:\/\/www.18plus.lv\" target=\"_blank\">www.18plus.lv<\/a><\/p>\n<p style=\"text-align: center;\"><strong>Improviz\u0101cijas te\u0101tra studijas, grupas un grupi\u0146as Latvij\u0101<\/strong><\/p>\n<p><span style=\"color: #008000;\"><strong>IMPROV\u012aNS<\/strong><\/span> &#8211; ilgsto\u0161i darbojies Latvijas M\u016bzikas akad\u0113mijas Studentu klub\u0101, no 2012. gada &#8220;Te\u0101tra B\u0101r\u0101&#8221; (R\u012bg\u0101, L\u0101\u010dpl\u0113\u0161a iel\u0101 26).<br \/>\n<a href=\"http:\/\/www.improvins.lv\" target=\"_blank\">www.improvins.lv<\/a><\/p>\n<p style=\"text-align: justify;\"><span style=\"color: #008000;\"><strong>5 UZ PERONA<\/strong><\/span> &#8211; darbojas pamat\u0101 folkklub\u0101 &#8220;Ala&#8221; (R\u012bg\u0101, Peldu iel\u0101 19). \u0160obr\u012bd darb\u012bba uz laiku aptur\u0113ta.<br \/>\n<a href=\"http:\/\/www.draugiem.lv\/5uzperona\" target=\"_blank\">www.draugiem.lv\/5uzperona<\/a><\/p>\n<p style=\"text-align: justify;\"><span style=\"color: #008000;\"><strong>R\u012aGAS IMPROVIZ\u0100CIJAS TE\u0100TRIS<\/strong><\/span> &#8211; darbojas pamat\u0101 kinote\u0101tra &#8220;Splendid Palace&#8221; telp\u0101s (R\u012bg\u0101, Elizabetes iel\u0101 61). Te\u0101tra un m\u0101c\u012bbu studijas vad\u012bt\u0101js Raimonds Ruzenieks.<br \/>\n<a href=\"http:\/\/www.rigasimprovizacijasteatris.lv\" target=\"_blank\">www.rigasimprovizacijasteatris.lv<\/a><\/p>\n<p style=\"text-align: justify;\"><span style=\"color: #008000;\"><strong>ART-\u0418-\u0160OK<\/strong><\/span> &#8211; R\u012bgas Improviz\u0101cijas te\u0101tra studijas audz\u0113k\u0146u grupa, darbojas pamat\u0101 kafejn\u012bcas &#8220;DAD cafe&#8221; telp\u0101s (R\u012bg\u0101, Miera iel\u0101 17).<br \/>\n<a href=\"http:\/\/www.rigasimprovizacijasteatris.lv\/?section=art-i-sok\" target=\"_blank\">www.rigasimprovizacijasteatris.lv\/?section=art-i-sok<\/a><\/p>\n<p style=\"text-align: justify;\"><span style=\"color: #008000;\"><strong>SPIEDIENS<\/strong><\/span> &#8211; improviz\u0101cijas \u0161ovs, pamat\u0101 darbojas klub\u0101 &#8220;Godvil&#8221; (R\u012bg\u0101, Br\u012bv\u012bbas gatv\u0113 214b).<br \/>\n<a href=\"http:\/\/www.spiediens.com\" target=\"_blank\">www.spiediens.com<\/a><\/p>\n<p style=\"text-align: justify;\"><span style=\"color: #008000;\"><strong>HAMLETS<\/strong> <\/span>&#8211; darbojas pamat\u0101 te\u0101tra klub\u0101 &#8220;Hamlets&#8221; (Vecr\u012bg\u0101, J\u0101\u0146a s\u0113t\u0101 5 &#8211; otraj\u0101 st\u0101v\u0101). Te\u0101tra un m\u0101c\u012bbu studijas vad\u012bt\u0101js Rolands Zagorskis.<br \/>\n<a href=\"http:\/\/www.hamlets.lv\" target=\"_blank\">www.hamlets.lv<\/a><\/p>\n<p style=\"text-align: justify;\"><span style=\"color: #008000;\"><strong>IMPROZOO<\/strong><\/span> &#8211; ilgsto\u0161i darbojies klub\u0101 &#8220;Pie L Tipa&#8221; un &#8220;Ka\u0146epes Kult\u016bras centr\u0101&#8221;, \u0161obr\u012bd darbojas pamat\u0101 Dailes te\u0101tr\u012b.<br \/>\n<a href=\"http:\/\/www.improzoo.lv\" target=\"_blank\">www.improzoo.lv<\/a><\/p>\n<p style=\"text-align: justify;\"><span style=\"color: #008000;\"><strong>KARALISKAIS IMPROVIZ\u0100CIJAS TE\u0100TRIS<\/strong><\/span> &#8211; improviz\u0101cijas izr\u0101des organiz\u0113 kinote\u0101tra &#8220;K Suns&#8221; telp\u0101s (R\u012bg\u0101, Elizabetes iela 83\/85).<br \/>\n<a href=\"http:\/\/www.karaliskais.com\" target=\"_blank\">www.karaliskais.com<\/a><\/p>\n<p style=\"text-align: justify;\"><span style=\"color: #008000;\"><strong>\u0100R &#8211; PR\u0100TS<\/strong><\/span> &#8211; darbojas pamat\u0101 krog\u0101 &#8220;Space Dog&#8221; (R\u012bg\u0101, Vecpils\u0113tas iel\u0101 19).<br \/>\n<a href=\"http:\/\/www.draugiem.lv\/aarprats\" target=\"_blank\">www.draugiem.lv\/aarprats<\/a><\/p>\n<p style=\"text-align: justify;\"><span style=\"color: #008000;\"><strong>KATLAKALNA IMPROVIZ\u0100CIJAS TE\u0100TRIS<\/strong><\/span> &#8211; darbojas pamat\u0101 Katlakalna tautas nam\u0101 (\u0136ekavas novada Katlakaln\u0101, P\u013cavniekkalna iel\u0101 35). Vad\u012bt\u0101js Toms Zvejnieks.<br \/>\n<a href=\"http:\/\/parkulturu.lv\/kolektivi\/katlakalna-improvizacijas-teatris\" target=\"_blank\">parkulturu.lv\/kolektivi\/katlakalna-improvizacijas-teatris<\/a><\/p>\n<p style=\"text-align: justify;\"><span style=\"color: #008000;\"><strong>CITS IMPROVIZ\u0100CIJAS TE\u0100TRIS<\/strong><\/span> &#8211; darbojas pamat\u0101 klub\u0101 &#8220;\u010cetri balti krekli&#8221; (R\u012bg\u0101, Vecpils\u0113tas iel\u0101 12).<\/p>\n<p style=\"text-align: justify;\"><span style=\"color: #008000;\"><strong>IMPROVIDE<\/strong><\/span> &#8211; darbojas pamat\u0101 klub\u0101 &#8220;Tims Mints&#8221; (R\u012bg\u0101, J\u0101\u0146a s\u0113t\u0101 5).<br \/>\n<a href=\"http:\/\/www.improvide.lv\" target=\"_blank\">www.improvide.lv<\/a><\/p>\n<p style=\"text-align: justify;\"><span style=\"color: #008000;\"><strong>TIT IMPROVIZ\u0100CIJAS TE\u0100TRIS<\/strong><\/span> &#8211; s\u0101kotn\u0113ji darboj\u0101s Tukum\u0101, \u0161obr\u012bd vis\u0101 Latvijas teritorij\u0101. Te\u0101tra vad\u012bt\u0101ja Mairita Rosicka.<br \/>\n<a href=\"http:\/\/www.draugiem.lv\/tit\/\" target=\"_blank\">www.draugiem.lv\/tit\/<\/a><\/p>\n<p style=\"text-align: justify;\"><span style=\"color: #008000;\"><strong>DOBELES JIVC TE\u0100TRA SPORTA PULCI\u0145\u0160<\/strong><\/span> &#8211; darbojas Dobeles Jaunatnes iniciat\u012bvu un vesel\u012bbas centr\u0101 (Dobel\u0113, Br\u012bv\u012bbas iel\u0101 23). Nodarb\u012bbas vada centra izgl\u012bt\u012bbas psiholo\u0123e, te\u0101tra sporta trenere Dita Leinerte.<br \/>\n<a href=\"http:\/\/www.jvc.dobele.lv\/?do=teatrasports\" target=\"_blank\">www.jvc.dobele.lv\/?do=teatrasports<\/a><\/p>\n<p style=\"text-align: justify;\"><span style=\"color: #008000;\"><strong>M\u0112S <\/strong><\/span>&#8211; pamatskolas &#8220;R\u012bdze&#8221; intere\u0161u izgl\u012bt\u012bbas programmas jaunie\u0161u te\u0101tra studija. Vad\u012bt\u0101ja Ligita Smildzi\u0146a.<br \/>\n<a href=\"http:\/\/www.ridze.lv\/index.php?option=com_content&amp;view=article&amp;id=25&amp;Itemid=8\" target=\"_blank\">www.ridze.lv\/index.php?option=com_content&amp;view=article&amp;id=25&amp;Itemid=8<\/a><\/p>\n<p style=\"text-align: justify;\"><span style=\"color: #008000;\"><strong>TINTE <\/strong><\/span>&#8211; improviz\u0101cijas grupa Madon\u0101, izr\u0101des organiz\u0113 kafejn\u012bc\u0101 &#8220;Kore&#8221; (Madon\u0101, Saieta laukum\u0101 10). Vad\u012bt\u0101ja Inese Z\u012ble.<br \/>\n<a href=\"http:\/\/www.myspace.com\/video\/tv\/improvizatoru-grupa-quot-tinte-quot\/104302816\" target=\"_blank\">www.myspace.com\/video\/tv\/improvizatoru-grupa-quot-tinte-quot\/104302816<\/a><\/p>\n<p style=\"text-align: justify;\"><span style=\"color: #008000;\"><strong>BR\u012aVAIS STILS <\/strong><\/span>&#8211; improviz\u0101cijas grupa Liep\u0101j\u0101, darbojas pamat\u0101 B\u0113rnu un Jaunie\u0161u centr\u0101 \u201cJaunie\u0161u M\u0101ja\u201d (Kungu iel\u0101 24, Liep\u0101j\u0101).<br \/>\n<a href=\"https:\/\/www.facebook.com\/brivaisstils\/\" target=\"_blank\">https:\/\/www.facebook.com\/brivaisstils\/<\/a><\/p>\n<p style=\"text-align: right;\"><em>\u25ba inform\u0101cija \u0161aj\u0101 lap\u0101 ne tuvu nav piln\u012bga;<br \/>\nja zini pats v\u0113l k\u0101du nosaukumu, kas te ieder\u0113tos &#8211;<br \/>\n<em> dro\u0161i raksti uz<\/em> <a href=\"mailto:improteatris@gmail.com\">improteatris@gmail.com<\/a>, nok\u0101rtosim!<\/em><\/p>\n","protected":false},"excerpt":{"rendered":"<p>IMPROTEATRIS.LV eksperimenti PILN\u012aGI SLEPENI &#8211; sadarb\u012bbas platforma, uz kuras pamata vienas izr\u0101des ietvaros ikreiz vienojas da\u017e\u0101du Latvijas improviz\u0101cijas te\u0101tru p\u0101rst\u0101vji; izr\u0101des pamat\u0101 notiek klub\u0101 &#8220;A Nice Place&#8221; (R\u012bg\u0101, Citadeles iel\u0101 2). www.slepenie.lv\/ideja\/ asto\u0146padsmit PLUS &#8211; improviz\u0101cijas humor\u0161ovs, kura dal\u012bbnieki nebaid\u0101s no &#8220;nepieradin\u0101t\u0101m&#8221; humora form\u0101m; izr\u0101des pamat\u0101 notiek kult\u016bras b\u0101r\u0101 &#8220;Sap\u0146i un koktei\u013ci&#8221; (R\u012bg\u0101, Blauma\u0146a iel\u0101 &hellip; <a href=\"https:\/\/improteatris.lv\/?page_id=77\" class=\"more-link\">Continue reading <span class=\"screen-reader-text\">Te\u0101tri<\/span><\/a><\/p>\n","protected":false},"author":1,"featured_media":0,"parent":0,"menu_order":19,"comment_status":"closed","ping_status":"closed","template":"onecolumn-page.php","meta":{"ngg_post_thumbnail":0,"footnotes":""},"class_list":["post-77","page","type-page","status-publish","hentry"],"_links":{"self":[{"href":"https:\/\/improteatris.lv\/index.php?rest_route=\/wp\/v2\/pages\/77","targetHints":{"allow":["GET"]}}],"collection":[{"href":"https:\/\/improteatris.lv\/index.php?rest_route=\/wp\/v2\/pages"}],"about":[{"href":"https:\/\/improteatris.lv\/index.php?rest_route=\/wp\/v2\/types\/page"}],"author":[{"embeddable":true,"href":"https:\/\/improteatris.lv\/index.php?rest_route=\/wp\/v2\/users\/1"}],"replies":[{"embeddable":true,"href":"https:\/\/improteatris.lv\/index.php?rest_route=%2Fwp%2Fv2%2Fcomments&post=77"}],"version-history":[{"count":63,"href":"https:\/\/improteatris.lv\/index.php?rest_route=\/wp\/v2\/pages\/77\/revisions"}],"predecessor-version":[{"id":1234,"href":"https:\/\/improteatris.lv\/index.php?rest_route=\/wp\/v2\/pages\/77\/revisions\/1234"}],"wp:attachment":[{"href":"https:\/\/improteatris.lv\/index.php?rest_route=%2Fwp%2Fv2%2Fmedia&parent=77"}],"curies":[{"name":"wp","href":"https:\/\/api.w.org\/{rel}","templated":true}]}}