{"id":65,"date":"2011-06-15T23:27:13","date_gmt":"2011-06-15T23:27:13","guid":{"rendered":"http:\/\/improteatris.lv\/?page_id=65"},"modified":"2017-09-27T00:50:23","modified_gmt":"2017-09-26T21:50:23","slug":"kontakti","status":"publish","type":"page","link":"https:\/\/improteatris.lv\/?page_id=65","title":{"rendered":"Kontakti"},"content":{"rendered":"<p style=\"text-align: justify;\">&#8230;steidzamas telegrammas, m\u012blest\u012bbas v\u0113stules, karst\u0101 \u016bdens r\u0113\u0137inus, nokav\u0113tus atg\u0101din\u0101jumus, sos sign\u0101lus, satrauktas \u012bszi\u0146as, miglainus m\u0101jienus, lolka\u0137u bildes, politiskus uzsaukumus, gaisa sk\u016bpstus, vilcienu sarakstus, \u0101rsta receptes, ka\u0137a l\u0101stus, vecas av\u012bzes, p\u0113rkona negaisus un dormeo matra\u010dus s\u016btiet viens otram &#8211; bet <span style=\"text-decoration: underline;\">ImproTeatris.lv rakstiet, ja ir padom\u0101 k\u0101ds jaut\u0101jums vai interesantas sadarb\u012bbas pied\u0101v\u0101jums<\/span>&#8230;<\/p>\n<p style=\"text-align: center;\"><a href=\"mailto:improteatris@gmail.com\"><strong>improteatris@gmail.com<\/strong><\/a><\/p>\n<p style=\"text-align: justify;\">Speci\u0101li \u0161ai sada\u013cai n\u0101kotn\u0113 v\u0113l varb\u016bt tiks sacer\u0113ts konstrukt\u012bvs un reiz\u0113 satrauco\u0161s teksts, kas uzrun\u0101s un aicin\u0101s potenci\u0101los sadarb\u012bbas partnerus \ud83d\ude42 Bet pagaid\u0101m \u2013 vienk\u0101r\u0161i rakstiet! L\u016bkosim, k\u0101 varam sadarboties.<\/p>\n<p style=\"text-align: center;\"><strong>tikai sadarb\u012bb\u0101 rodas \u012bstas v\u0113rt\u012bbas<\/strong><\/p>\n<p style=\"text-align: center;\">httpv:\/\/www.youtube.com\/watch?v=2ADFH9mgGAs<\/p>\n","protected":false},"excerpt":{"rendered":"<p>&#8230;steidzamas telegrammas, m\u012blest\u012bbas v\u0113stules, karst\u0101 \u016bdens r\u0113\u0137inus, nokav\u0113tus atg\u0101din\u0101jumus, sos sign\u0101lus, satrauktas \u012bszi\u0146as, miglainus m\u0101jienus, lolka\u0137u bildes, politiskus uzsaukumus, gaisa sk\u016bpstus, vilcienu sarakstus, \u0101rsta receptes, ka\u0137a l\u0101stus, vecas av\u012bzes, p\u0113rkona negaisus un dormeo matra\u010dus s\u016btiet viens otram &#8211; bet ImproTeatris.lv rakstiet, ja ir padom\u0101 k\u0101ds jaut\u0101jums vai interesantas sadarb\u012bbas pied\u0101v\u0101jums&#8230; improteatris@gmail.com Speci\u0101li \u0161ai sada\u013cai n\u0101kotn\u0113 &hellip; <a href=\"https:\/\/improteatris.lv\/?page_id=65\" class=\"more-link\">Continue reading <span class=\"screen-reader-text\">Kontakti<\/span><\/a><\/p>\n","protected":false},"author":1,"featured_media":0,"parent":0,"menu_order":14,"comment_status":"closed","ping_status":"closed","template":"","meta":{"ngg_post_thumbnail":0,"footnotes":""},"class_list":["post-65","page","type-page","status-publish","hentry"],"_links":{"self":[{"href":"https:\/\/improteatris.lv\/index.php?rest_route=\/wp\/v2\/pages\/65","targetHints":{"allow":["GET"]}}],"collection":[{"href":"https:\/\/improteatris.lv\/index.php?rest_route=\/wp\/v2\/pages"}],"about":[{"href":"https:\/\/improteatris.lv\/index.php?rest_route=\/wp\/v2\/types\/page"}],"author":[{"embeddable":true,"href":"https:\/\/improteatris.lv\/index.php?rest_route=\/wp\/v2\/users\/1"}],"replies":[{"embeddable":true,"href":"https:\/\/improteatris.lv\/index.php?rest_route=%2Fwp%2Fv2%2Fcomments&post=65"}],"version-history":[{"count":11,"href":"https:\/\/improteatris.lv\/index.php?rest_route=\/wp\/v2\/pages\/65\/revisions"}],"predecessor-version":[{"id":1341,"href":"https:\/\/improteatris.lv\/index.php?rest_route=\/wp\/v2\/pages\/65\/revisions\/1341"}],"wp:attachment":[{"href":"https:\/\/improteatris.lv\/index.php?rest_route=%2Fwp%2Fv2%2Fmedia&parent=65"}],"curies":[{"name":"wp","href":"https:\/\/api.w.org\/{rel}","templated":true}]}}