{"id":1660,"date":"2020-01-31T22:53:48","date_gmt":"2020-01-31T19:53:48","guid":{"rendered":"https:\/\/improteatris.lv\/?page_id=1660"},"modified":"2020-06-07T16:09:25","modified_gmt":"2020-06-07T13:09:25","slug":"info","status":"publish","type":"page","link":"https:\/\/improteatris.lv\/","title":{"rendered":".info"},"content":{"rendered":"<p align=\"center\"><img decoding=\"async\" src=\"https:\/\/improteatris.lv\/wp-content\/uploads\/2017\/09\/print.png\"><\/p>\n<p style=\"text-align: justify;\">Reiz dz\u012bvoja <span style=\"color: green;\"><strong>vort\u0101ls Improteatris.lv<\/strong> &#8211; Latvijas improviz\u0101cijas te\u0101tru almanahs<\/span>. T\u0101 pasp\u0101rn\u0113, apkopojot zi\u0146as par da\u017e\u0101diem te\u0101triem Latvij\u0101 un da\u017ereiz \u0101rpus t\u0101s, laika gait\u0101 nejau\u0161i rad\u0101s vair\u0101ki starpte\u0101tru sadarb\u012bbas projekti, dzima jauni, apvienotie te\u0101tri. P\u0113c komun&#8230;. improvizacion\u0101l\u0101s piecgades pl\u0101na izpild\u012b\u0161anas tika nolemts vort\u0101lu p\u0101rveidot par vienas \u0161\u0101das liel\u0101kas grupas mediju &#8211; un tas uzs\u0101ka darb\u012bbu 2017. gada ruden\u012b (vort\u0101la saturs l\u012bdz tam apskat\u0101ms, izmantojot arh\u012bva saiti lapas galvenaj\u0101 izv\u0113ln\u0113).<\/p>\n<p style=\"text-align: justify;\">2019. gad\u0101 Improteatris.lv uz nenoteiktu laiku ir p\u0101rtraucis darboties pavisam. Tom\u0113r J\u016bs dro\u0161i varat mums rakst\u012bt, ja mekl\u0113jat savam pas\u0101kumam atrakt\u012bvus vad\u012bt\u0101jus vai citus interesantus dal\u012bbniekus, kuru lom\u0101s var\u0113tu iejusties improviz\u0101cijas aktieri &#8211; vienm\u0113r zin\u0101sim, ko ieteikt! \ud83d\ude42<\/p>\n<p style=\"text-align: justify;\"><b>KONTAKTINFORM\u0100CIJA<\/b> &#8211; [<u><a href=\"https:\/\/improteatris.lv\/?page_id=65\">rau, te<\/a><\/u>]<\/p>\n","protected":false},"excerpt":{"rendered":"<p>Reiz dz\u012bvoja vort\u0101ls Improteatris.lv &#8211; Latvijas improviz\u0101cijas te\u0101tru almanahs. T\u0101 pasp\u0101rn\u0113, apkopojot zi\u0146as par da\u017e\u0101diem te\u0101triem Latvij\u0101 un da\u017ereiz \u0101rpus t\u0101s, laika gait\u0101 nejau\u0161i rad\u0101s vair\u0101ki starpte\u0101tru sadarb\u012bbas projekti, dzima jauni, apvienotie te\u0101tri. P\u0113c komun&#8230;. improvizacion\u0101l\u0101s piecgades pl\u0101na izpild\u012b\u0161anas tika nolemts vort\u0101lu p\u0101rveidot par vienas \u0161\u0101das liel\u0101kas grupas mediju &#8211; un tas uzs\u0101ka darb\u012bbu 2017. &hellip; <a href=\"https:\/\/improteatris.lv\/\" class=\"more-link\">Continue reading <span class=\"screen-reader-text\">.info<\/span><\/a><\/p>\n","protected":false},"author":1,"featured_media":0,"parent":0,"menu_order":0,"comment_status":"closed","ping_status":"closed","template":"","meta":{"ngg_post_thumbnail":0,"footnotes":""},"class_list":["post-1660","page","type-page","status-publish","hentry"],"_links":{"self":[{"href":"https:\/\/improteatris.lv\/index.php?rest_route=\/wp\/v2\/pages\/1660","targetHints":{"allow":["GET"]}}],"collection":[{"href":"https:\/\/improteatris.lv\/index.php?rest_route=\/wp\/v2\/pages"}],"about":[{"href":"https:\/\/improteatris.lv\/index.php?rest_route=\/wp\/v2\/types\/page"}],"author":[{"embeddable":true,"href":"https:\/\/improteatris.lv\/index.php?rest_route=\/wp\/v2\/users\/1"}],"replies":[{"embeddable":true,"href":"https:\/\/improteatris.lv\/index.php?rest_route=%2Fwp%2Fv2%2Fcomments&post=1660"}],"version-history":[{"count":7,"href":"https:\/\/improteatris.lv\/index.php?rest_route=\/wp\/v2\/pages\/1660\/revisions"}],"predecessor-version":[{"id":1672,"href":"https:\/\/improteatris.lv\/index.php?rest_route=\/wp\/v2\/pages\/1660\/revisions\/1672"}],"wp:attachment":[{"href":"https:\/\/improteatris.lv\/index.php?rest_route=%2Fwp%2Fv2%2Fmedia&parent=1660"}],"curies":[{"name":"wp","href":"https:\/\/api.w.org\/{rel}","templated":true}]}}