{"id":1349,"date":"2017-09-29T02:27:19","date_gmt":"2017-09-28T23:27:19","guid":{"rendered":"http:\/\/improteatris.lv\/?page_id=1349"},"modified":"2017-09-30T21:39:32","modified_gmt":"2017-09-30T18:39:32","slug":"improvizacija","status":"publish","type":"page","link":"https:\/\/improteatris.lv\/?page_id=1349","title":{"rendered":"Kas TAS ir &#8211; un ar ko TO \u0113d"},"content":{"rendered":"<p style=\"text-align: center;\"><img decoding=\"async\" src=\"http:\/\/improteatris.lv\/wp-content\/uploads\/2017\/09\/keith_johnstone_3.jpg\"><\/p>\n<p style=\"text-align: center;\">(turpin\u0101jums visdr\u012bz\u0101k sekos)<\/p>\n","protected":false},"excerpt":{"rendered":"<p>(turpin\u0101jums visdr\u012bz\u0101k sekos)<\/p>\n","protected":false},"author":1,"featured_media":0,"parent":0,"menu_order":0,"comment_status":"closed","ping_status":"closed","template":"","meta":{"ngg_post_thumbnail":0,"footnotes":""},"class_list":["post-1349","page","type-page","status-publish","hentry"],"_links":{"self":[{"href":"https:\/\/improteatris.lv\/index.php?rest_route=\/wp\/v2\/pages\/1349","targetHints":{"allow":["GET"]}}],"collection":[{"href":"https:\/\/improteatris.lv\/index.php?rest_route=\/wp\/v2\/pages"}],"about":[{"href":"https:\/\/improteatris.lv\/index.php?rest_route=\/wp\/v2\/types\/page"}],"author":[{"embeddable":true,"href":"https:\/\/improteatris.lv\/index.php?rest_route=\/wp\/v2\/users\/1"}],"replies":[{"embeddable":true,"href":"https:\/\/improteatris.lv\/index.php?rest_route=%2Fwp%2Fv2%2Fcomments&post=1349"}],"version-history":[{"count":6,"href":"https:\/\/improteatris.lv\/index.php?rest_route=\/wp\/v2\/pages\/1349\/revisions"}],"predecessor-version":[{"id":1633,"href":"https:\/\/improteatris.lv\/index.php?rest_route=\/wp\/v2\/pages\/1349\/revisions\/1633"}],"wp:attachment":[{"href":"https:\/\/improteatris.lv\/index.php?rest_route=%2Fwp%2Fv2%2Fmedia&parent=1349"}],"curies":[{"name":"wp","href":"https:\/\/api.w.org\/{rel}","templated":true}]}}